{"id":3,"date":"2019-04-23T17:19:43","date_gmt":"2019-04-23T15:19:43","guid":{"rendered":"https:\/\/www.nuovagalvanica.com\/site\/?page_id=3"},"modified":"2019-07-12T09:23:04","modified_gmt":"2019-07-12T07:23:04","slug":"privacy-policy","status":"publish","type":"page","link":"https:\/\/www.nuovagalvanica.com\/site\/privacy-policy\/","title":{"rendered":"Privacy Policy"},"content":{"rendered":"<section  class='av_textblock_section av-jxzrt5d0-3bae29eb2f4e4420a6d053d336a61346 '   itemscope=\"itemscope\" itemtype=\"https:\/\/schema.org\/CreativeWork\" ><div class='avia_textblock'  itemprop=\"text\" ><h2>INFORMAZIONI SUL TRATTAMENTO DEI DATI PERSONALI<\/h2>\n<h4>ai sensi dell\u2019articolo 13 del Regolamento (UE) 2016\/679<\/h4>\n<p>Ai sensi del Regolamento (UE) 2016\/679, questa pagina descrive le modalit\u00e0 di trattamento dei dati personali degli utenti che consultano il sito web www.nuovagalvanica.com<\/p>\n<h3><strong>TITOLARE DEL TRATTAMENTO<\/strong><\/h3>\n<p>Titolare del trattamento \u00e8 NUOVA GALVANICA EREDI CROPELLI ORAZIO DI CROPELLI LUCIANO &amp; C. S.a.s. &#8211; VIA ROSSAGHE 23\/25 25065 LUMEZZANE ( BS ) &#8211; Italia &#8211; Cod. Fisc. &#8211; N. iscrizione R.I. di Brescia: 01708950173 &#8211; Partita IVA: 00649400983<\/p>\n<h3><strong>BASE GIURIDICA DEL TRATTAMENTO<\/strong><\/h3>\n<p>l trattamento dei dati personali da Lei forniti \u00e8 finalizzato a:<\/p>\n<ul>\n<li>Concludere i contratti di cui Lei \u00e8 parte o di eseguire attivit\u00e0 pre contrattuali su Sua richiesta. Tale necessit\u00e0 rappresenta la base giuridica che legittima i conseguenti trattamenti.<\/li>\n<li>Adempiere agli obblighi legali e fiscali derivanti da rapporti con Lei in essere. Tale necessit\u00e0 rappresenta la base giuridica che legittima i conseguenti trattamenti.<\/li>\n<li>Adempiere agli obblighi previsti dalla legge, da un regolamento, dalla normativa comunitaria o da un ordine dell\u2019Autorit\u00e0. Tale necessit\u00e0 rappresenta la base giuridica che legittima i conseguenti trattamenti.<\/li>\n<li>Promozione o vendita di prodotti o servizi del Titolare, delle societ\u00e0 del gruppo mediante Invio via e-mail, newsletter, comunicazioni commerciali e\/o materiale pubblicitario su prodotti o servizi offerti dal Titolare e comunicazioni concernenti servizi a valore aggiunto, servizi post vendita, novit\u00e0 o prodotti maggiormente performanti;<\/li>\n<\/ul>\n<p>La base giuridica che legittima i conseguenti trattamenti \u00e8 il Suo consenso, che \u00e8 libero di dare o meno e che pu\u00f2 comunque sempre revocare in qualsiasi momento.<\/p>\n<p>Il mancato conferimento di fatto determina l\u2019impossibilit\u00e0 di fornirLe le comunicazioni commerciali in ordine ai prodotti in vendita.<\/p>\n<h3>TIPI DI DATI TRATTATI E FINALIT\u00c0 DEL TRATTAMENTO<\/h3>\n<p><strong>Dati di navigazione<\/strong><\/p>\n<p>I sistemi informatici e le procedure software preposte al funzionamento di questo sito acquisiscono, nel corso del loro normale esercizio, alcuni dati personali la cui trasmissione \u00e8 implicita nell\u2019uso dei protocolli di comunicazione di Internet.<br \/>\nIn questa categoria di dati rientrano gli indirizzi IP o i nomi a dominio dei computer e dei terminali utilizzati dagli utenti, gli indirizzi in notazione URI\/URL (Uniform Resource Identifier\/Locator) delle risorse richieste, l\u2019orario della richiesta, il metodo utilizzato nel sottoporre la richiesta al server, la dimensione del file ottenuto in risposta, il codice numerico indicante lo stato della risposta data dal server (buon fine, errore, ecc.) ed altri parametri relativi al sistema operativo e all\u2019ambiente informatico dell\u2019utente.<\/p>\n<p>Tali dati, necessari per la fruizione dei servizi web, vengono anche trattati allo scopo di:<\/p>\n<ul>\n<li>Ottenere informazioni statistiche sull\u2019uso dei servizi (pagine pi\u00f9 visitate, numero di visitatori per fascia oraria o giornaliera, aree geografiche di provenienza, ecc.);<\/li>\n<li>Controllare il corretto funzionamento dei servizi offerti.<\/li>\n<\/ul>\n<p>I dati di navigazione non persistono per pi\u00f9 di sette giorni (salve eventuali necessit\u00e0 di accertamento di reati da parte dell\u2019Autorit\u00e0 giudiziaria).<\/p>\n<p><strong>Dati comunicati dall\u2019utente<\/strong><\/p>\n<p>L\u2019invio facoltativo, esplicito e volontario di messaggi ai nostri indirizzi e-mail, la compilazione e l\u2019inoltro dei moduli presenti su questo sito destinati ai contatti, alla registrazione sul nostro e-shop e all\u2019acquisto di prodotti, comportano l\u2019acquisizione dei dati necessari a rispondere o a esplicare nonch\u00e9 di tutti i dati personali inclusi nelle comunicazioni.<\/p>\n<h3>DESTINATARI DEI DATI<\/h3>\n<p>E\u2019 destinatario dei dati raccolti a seguito di quanto sopra elencato NUOVA GALVANICA EREDI CROPELLI ORAZIO DI CROPELLI LUCIANO &amp; C. S.a.s. &#8211; VIA ROSSAGHE 23\/25 25065 LUMEZZANE ( BS ) &#8211; Italia &#8211; Cod. Fisc. &#8211; N. iscrizione R.I. di Brescia: 01708950173 &#8211; Partita IVA: 00649400983.<\/p>\n<h3>DIRITTI DEGLI INTERESSATI<\/h3>\n<p>Gli interessati, previa richiesta tramite i nostri canali email o pec, hanno il diritto di ottenere dal titolare del trattamento dei dati, nei casi previsti, l\u2019accesso ai propri dati personali e la rettifica o la cancellazione degli stessi o la limitazione del trattamento che li riguarda o di opporsi al trattamento (artt. 15 e ss. del Regolamento).<\/p>\n<h3>DIRITTO DI RECLAMO<\/h3>\n<p>Gli interessati che ritengono che il trattamento dei dati personali a loro riferiti effettuato attraverso questo sito avvenga in violazione di quanto previsto dal Regolamento hanno il diritto di proporre reclamo al Garante, come previsto dall\u2019art. 77 del Regolamento stesso, o di adire le opportune sedi giudiziarie (art. 79 del Regolamento).<\/p>\n\n<style type=\"text\/css\" data-created_by=\"avia_inline_auto\" id=\"style-css-av-3ynn-232ad28458598709fb6bd652205f40cc\">\n#top .hr.hr-invisible.av-3ynn-232ad28458598709fb6bd652205f40cc{\nheight:40px;\n}\n<\/style>\n<div  class='hr av-3ynn-232ad28458598709fb6bd652205f40cc hr-invisible  avia-builder-el-1  avia-builder-el-no-sibling '><span class='hr-inner '><span class=\"hr-inner-style\"><\/span><\/span><\/div>\n<h2>COOKIE POLICY<\/h2>\n<h4>Che cos\u2019\u00e8 un cookie e a cosa serve?<\/h4>\n<p>Un cookie \u00e8 una piccola stringa di testo che un sito invia al browser e salva sul tuo computer quando visiti dei siti internet. I cookie sono utilizzati per far funzionare i siti web in maniera pi\u00f9 efficiente, per migliorarne le prestazioni, ma anche per fornire informazioni ai proprietari del sito.<\/p>\n<h4>Che tipo di cookie utilizza questo sito e a quale scopo?<\/h4>\n<p>Il nostro sito utilizza diversi tipi di cookie ognuno dei quali ha una funzione specifica, come indicato di seguito:<\/p>\n<p><strong>Cookie di navigazione<\/strong><\/p>\n<ul>\n<li>Questi cookie permettono al sito di funzionare correttamente sono usati per raccogliere informazioni su come i visitatori usano il sito. Questa informazione viene usata per compilare report e aiutarci a migliorare il sito. I cookie raccolgono informazioni in maniera anonima, incluso il numero di visitatori del sito, da dove i visitatori sono arrivati e le pagine che hanno visitato.<\/li>\n<\/ul>\n<p><strong>Cookie Analitici<\/strong><\/p>\n<ul>\n<li>Questi cookie sono utilizzati ad esempio da Google Analytics per elaborare analisi statistiche sulle modalit\u00e0 di navigazione degli utenti sul sito attraverso i computer o le applicazioni mobile, sul numero di pagine visitate o il numero di click effettuati su una pagina durante la navigazione di un sito.<a href=\"https:\/\/support.google.com\/analytics\/answer\/6004245\" target=\"_blank\" rel=\"noopener\"> (Clicca qui per una panoramica della privacy di Google)<\/a><\/li>\n<\/ul>\n<h4>Come posso disabilitare i cookie?<\/h4>\n<p>La maggior parte dei browser (Internet Explorer, Firefox, Google Chrome, etc.) sono configurati per accettare i cookie. Tuttavia, la maggior parte dei browser permette di controllare e anche disabilitare i cookie attraverso le impostazioni del browser. Ti ricordiamo per\u00f2 che disabilitare i cookie di navigazione o quelli funzionali pu\u00f2 causare il malfunzionamento del sito e\/o limitare il servizio offerto. Per modificare le impostazioni, segui il procedimento indicato dai vari browser che trovi alle voci \u201cOpzioni\u201d o \u201cPreferenze\u201d.<\/p>\n<p>Per saperne di pi\u00f9 riguardo ai cookie<a href=\"http:\/\/www.garanteprivacy.it\/web\/guest\/home\/docweb\/-\/docweb-display\/docweb\/3167231\" target=\"_blank\" rel=\"noopener\"> leggi la normativa.<\/a><\/p>\n<\/div><\/section>\n","protected":false},"excerpt":{"rendered":"","protected":false},"author":1,"featured_media":0,"parent":0,"menu_order":0,"comment_status":"closed","ping_status":"open","template":"","meta":{"footnotes":""},"class_list":["post-3","page","type-page","status-publish","hentry"],"_links":{"self":[{"href":"https:\/\/www.nuovagalvanica.com\/site\/wp-json\/wp\/v2\/pages\/3","targetHints":{"allow":["GET"]}}],"collection":[{"href":"https:\/\/www.nuovagalvanica.com\/site\/wp-json\/wp\/v2\/pages"}],"about":[{"href":"https:\/\/www.nuovagalvanica.com\/site\/wp-json\/wp\/v2\/types\/page"}],"author":[{"embeddable":true,"href":"https:\/\/www.nuovagalvanica.com\/site\/wp-json\/wp\/v2\/users\/1"}],"replies":[{"embeddable":true,"href":"https:\/\/www.nuovagalvanica.com\/site\/wp-json\/wp\/v2\/comments?post=3"}],"version-history":[{"count":3,"href":"https:\/\/www.nuovagalvanica.com\/site\/wp-json\/wp\/v2\/pages\/3\/revisions"}],"predecessor-version":[{"id":819,"href":"https:\/\/www.nuovagalvanica.com\/site\/wp-json\/wp\/v2\/pages\/3\/revisions\/819"}],"wp:attachment":[{"href":"https:\/\/www.nuovagalvanica.com\/site\/wp-json\/wp\/v2\/media?parent=3"}],"curies":[{"name":"wp","href":"https:\/\/api.w.org\/{rel}","templated":true}]}}