{"id":465,"date":"2019-04-29T09:20:11","date_gmt":"2019-04-29T07:20:11","guid":{"rendered":"https:\/\/www.nuovagalvanica.com\/site\/?page_id=465"},"modified":"2019-10-17T16:21:29","modified_gmt":"2019-10-17T14:21:29","slug":"servizi","status":"publish","type":"page","link":"https:\/\/www.nuovagalvanica.com\/site\/servizi\/","title":{"rendered":"Servizi"},"content":{"rendered":"\n<style type=\"text\/css\" data-created_by=\"avia_inline_auto\" id=\"style-css-av-585de7-2303edd296be5d8d041c1c49dcc6d047\">\n.avia-section.av-585de7-2303edd296be5d8d041c1c49dcc6d047{\nbackground-color:#000000;\nbackground-image:url(https:\/\/www.nuovagalvanica.com\/site\/wp-content\/uploads\/2019\/06\/slider-servizi.jpg);\nbackground-repeat:no-repeat;\nbackground-position:100% 100%;\nbackground-attachment:scroll;\n}\n<\/style>\n<div id='av_section_1'  class='avia-section av-585de7-2303edd296be5d8d041c1c49dcc6d047 main_color avia-section-default avia-no-border-styling  avia-builder-el-0  el_before_av_section  avia-builder-el-first  avia-full-stretch avia-bg-style-scroll av-minimum-height av-minimum-height-custom av-height-custom  container_wrap sidebar_right'  data-section-bg-repeat='stretch' data-av_minimum_height_px='430'><div class='container av-section-cont-open' style='height:430px'><main  role=\"main\" itemprop=\"mainContentOfPage\"  class='template-page content  av-content-small alpha units'><div class='post-entry post-entry-type-page post-entry-465'><div class='entry-content-wrapper clearfix'>\n\n<style type=\"text\/css\" data-created_by=\"avia_inline_auto\" id=\"style-css-av-jwsztdkj-d8810259039840d39ff6f40fb908917d\">\n.avia-image-container.av-jwsztdkj-d8810259039840d39ff6f40fb908917d img.avia_image{\nbox-shadow:none;\n}\n.avia-image-container.av-jwsztdkj-d8810259039840d39ff6f40fb908917d .av-image-caption-overlay-center{\ncolor:#ffffff;\n}\n<\/style>\n<div  class='avia-image-container av-jwsztdkj-d8810259039840d39ff6f40fb908917d av-styling-no-styling avia_animated_image av-animated-when-visible-95 fade-in avia-align-center  avia-builder-el-1  avia-builder-el-no-sibling '   itemprop=\"image\" itemscope=\"itemscope\" itemtype=\"https:\/\/schema.org\/ImageObject\" ><div class=\"avia-image-container-inner\"><div class=\"avia-image-overlay-wrap\"><img fetchpriority=\"high\" class='wp-image-827 avia-img-lazy-loading-not-827 avia_image ' src='https:\/\/www.nuovagalvanica.com\/site\/wp-content\/uploads\/2019\/10\/logo-ok.png' alt='' title='logo-ok'  height=\"300\" width=\"300\"  itemprop=\"thumbnailUrl\"  \/><\/div><\/div><\/div>\n\n<\/div><\/div><\/main><!-- close content main element --><\/div><\/div>\n<style type=\"text\/css\" data-created_by=\"avia_inline_auto\" id=\"style-css-av-ei8wb-2dba77b23c62c913c8ac9c656568f118\">\n.avia-section.av-ei8wb-2dba77b23c62c913c8ac9c656568f118 .av-extra-border-element .av-extra-border-inner{\nbackground-color:#ffffff;\n}\n<\/style>\n<div id='av_section_2'  class='avia-section av-ei8wb-2dba77b23c62c913c8ac9c656568f118 main_color avia-section-large avia-no-border-styling  avia-builder-el-2  el_after_av_section  el_before_av_section  avia-bg-style-scroll av-arrow-down-section container_wrap sidebar_right'  ><div class='container av-section-cont-open' ><div class='template-page content  av-content-small alpha units'><div class='post-entry post-entry-type-page post-entry-465'><div class='entry-content-wrapper clearfix'>\n<div  class='flex_column av-e8oar-352ce92617da418c8ab85f38578f2028 av_one_third  avia-builder-el-3  el_before_av_two_third  avia-builder-el-first  first flex_column_div  '     ><style type=\"text\/css\" data-created_by=\"avia_inline_auto\" id=\"style-css-av-d6vq7-e1589ca1b1abb18c693715b91afeb522\">\n.avia-image-container.av-d6vq7-e1589ca1b1abb18c693715b91afeb522 img.avia_image{\nbox-shadow:none;\n}\n.avia-image-container.av-d6vq7-e1589ca1b1abb18c693715b91afeb522 .av-image-caption-overlay-center{\ncolor:#ffffff;\n}\n<\/style>\n<div  class='avia-image-container av-d6vq7-e1589ca1b1abb18c693715b91afeb522 av-styling- av-hover-grow av-hide-overflow avia-align-center  avia-builder-el-4  avia-builder-el-no-sibling '   itemprop=\"image\" itemscope=\"itemscope\" itemtype=\"https:\/\/schema.org\/ImageObject\" ><div class=\"avia-image-container-inner\"><div class=\"avia-image-overlay-wrap\"><img fetchpriority=\"high\" class='wp-image-856 avia-img-lazy-loading-not-856 avia_image ' src='https:\/\/www.nuovagalvanica.com\/site\/wp-content\/uploads\/2019\/10\/terzi.jpg' alt='' title='terzi'  height=\"914\" width=\"800\"  itemprop=\"thumbnailUrl\"  \/><\/div><\/div><\/div><\/div><div  class='flex_column av-crmqb-e2c655f03812895cce21f04fdb1f6913 av_two_third  avia-builder-el-5  el_after_av_one_third  avia-builder-el-last  flex_column_div  '     ><p>\n<style type=\"text\/css\" data-created_by=\"avia_inline_auto\" id=\"style-css-av-8l6rd-713081aaf452cba7893715d4d754911b\">\n#top .av-special-heading.av-8l6rd-713081aaf452cba7893715d4d754911b{\npadding-bottom:10px;\n}\nbody .av-special-heading.av-8l6rd-713081aaf452cba7893715d4d754911b .av-special-heading-tag .heading-char{\nfont-size:25px;\n}\n.av-special-heading.av-8l6rd-713081aaf452cba7893715d4d754911b .av-subheading{\nfont-size:15px;\n}\n<\/style>\n<div  class='av-special-heading av-8l6rd-713081aaf452cba7893715d4d754911b av-special-heading-h3 blockquote modern-quote  avia-builder-el-6  el_before_av_textblock  avia-builder-el-first '><h3 class='av-special-heading-tag '  itemprop=\"headline\"  >DEPOSIZIONE GALVANICA C\/TERZI<\/h3><div class=\"special-heading-border\"><div class=\"special-heading-inner-border\"><\/div><\/div><\/div><br \/>\n<section  class='av_textblock_section av-btnyv-20c61d0f41851eb7d1572b0a8f4ea8b6 '   itemscope=\"itemscope\" itemtype=\"https:\/\/schema.org\/CreativeWork\" ><div class='avia_textblock'  itemprop=\"text\" ><p>Da sempre core business della nostra attivit\u00e0, i nostri trattamenti galvanici su prodotti di terzi sono applicati in diversi ambiti industriali.<\/p>\n<p>Dalla galvanica decorativa fino a quella tecnica, la gamma di lavorazioni copre i settori pi\u00f9 disparati quali:<\/p>\n<\/div><\/section><br \/>\n<section  class='av_textblock_section av-9wm37-051ee5e8747a95181734bc2d03f0ec99 '   itemscope=\"itemscope\" itemtype=\"https:\/\/schema.org\/CreativeWork\" ><div class='avia_textblock'  itemprop=\"text\" ><ul>\n<li>Rubinetteria\/Raccorderia industriale<\/li>\n<li>Moda<\/li>\n<li>Alimentare<\/li>\n<li>Elettronica<\/li>\n<li>Medico\/Dentale<\/li>\n<li>Automotive<\/li>\n<li>Armiero<\/li>\n<\/ul>\n<\/div><\/section><\/p><\/div>\n\n<\/div><\/div><\/div><!-- close content main div --><\/div><div class='av-extra-border-element border-extra-arrow-down'><div class='av-extra-border-outer'><div class='av-extra-border-inner'><\/div><\/div><\/div><\/div>\n<style type=\"text\/css\" data-created_by=\"avia_inline_auto\" id=\"style-css-av-ei8wb-bc1efa568dfb4692717bc0a5d34e6658\">\n.avia-section.av-ei8wb-bc1efa568dfb4692717bc0a5d34e6658{\nbackground-color:#f9f9f9;\nbackground-image:unset;\n}\n<\/style>\n<div id='av_section_3'  class='avia-section av-ei8wb-bc1efa568dfb4692717bc0a5d34e6658 main_color avia-section-large avia-no-border-styling  avia-builder-el-9  el_after_av_section  el_before_av_section  avia-bg-style-scroll container_wrap sidebar_right'  ><div class='container av-section-cont-open' ><div class='template-page content  av-content-small alpha units'><div class='post-entry post-entry-type-page post-entry-465'><div class='entry-content-wrapper clearfix'>\n<div  class='flex_column av-crmqb-533171a5c39c0e838e5f421993b8c959 av_two_third  avia-builder-el-10  el_before_av_one_third  avia-builder-el-first  first flex_column_div  '     ><p>\n<style type=\"text\/css\" data-created_by=\"avia_inline_auto\" id=\"style-css-av-13c95-a65c26fff942b44fd09ac338d44ce52e\">\n#top .av-special-heading.av-13c95-a65c26fff942b44fd09ac338d44ce52e{\npadding-bottom:10px;\n}\nbody .av-special-heading.av-13c95-a65c26fff942b44fd09ac338d44ce52e .av-special-heading-tag .heading-char{\nfont-size:25px;\n}\n.av-special-heading.av-13c95-a65c26fff942b44fd09ac338d44ce52e .av-subheading{\nfont-size:15px;\n}\n<\/style>\n<div  class='av-special-heading av-13c95-a65c26fff942b44fd09ac338d44ce52e av-special-heading-h3 blockquote modern-quote  avia-builder-el-11  el_before_av_textblock  avia-builder-el-first '><h3 class='av-special-heading-tag '  itemprop=\"headline\"  >LA CONSULENZA TECNICA<\/h3><div class=\"special-heading-border\"><div class=\"special-heading-inner-border\"><\/div><\/div><\/div><br \/>\n<section  class='av_textblock_section av-btnyv-20c61d0f41851eb7d1572b0a8f4ea8b6 '   itemscope=\"itemscope\" itemtype=\"https:\/\/schema.org\/CreativeWork\" ><div class='avia_textblock'  itemprop=\"text\" ><p>L\u2019approccio ad un nuovo mercato e la ricerca di soluzioni diverse per prodotti gi\u00e0 esistenti comportano sempre rischi che \u00e8 necessario calcolare.<\/p>\n<p>La nostra esperienza, vanta pi\u00f9 di 100 anni di casistiche e soluzioni affrontate, integrate dal costante aggiornamento sui quadri normativi a livello internazionale e nuove tecnologie.<\/p>\n<p>I nostri specialisti tecnici sono a disposizione per qualsiasi esigenza quali:<\/p>\n<\/div><\/section><br \/>\n<section  class='av_textblock_section av-9wm37-051ee5e8747a95181734bc2d03f0ec99 '   itemscope=\"itemscope\" itemtype=\"https:\/\/schema.org\/CreativeWork\" ><div class='avia_textblock'  itemprop=\"text\" ><ul>\n<li>Studi di fattibilit\u00e0<\/li>\n<li>Progettazione\/realizzazione attrezzature e impianti dedicati<\/li>\n<li>Supporto tecnico\/normativo<\/li>\n<li>Analisi e prove di laboratorio qualitative e quantitative<\/li>\n<li>Campionature<\/li>\n<li>Pre-serie<\/li>\n<\/ul>\n<\/div><\/section><\/p><\/div><div  class='flex_column av-e8oar-7c39130fc3e5dc24977f4eceac466ae1 av_one_third  avia-builder-el-14  el_after_av_two_third  avia-builder-el-last  flex_column_div  '     ><style type=\"text\/css\" data-created_by=\"avia_inline_auto\" id=\"style-css-av-d6vq7-c803489133c1b71ca4376c1a1e7bf5c6\">\n.avia-image-container.av-d6vq7-c803489133c1b71ca4376c1a1e7bf5c6 img.avia_image{\nbox-shadow:none;\n}\n.avia-image-container.av-d6vq7-c803489133c1b71ca4376c1a1e7bf5c6 .av-image-caption-overlay-center{\ncolor:#ffffff;\n}\n<\/style>\n<div  class='avia-image-container av-d6vq7-c803489133c1b71ca4376c1a1e7bf5c6 av-styling- av-hover-grow av-hide-overflow avia-align-center  avia-builder-el-15  avia-builder-el-no-sibling '   itemprop=\"image\" itemscope=\"itemscope\" itemtype=\"https:\/\/schema.org\/ImageObject\" ><div class=\"avia-image-container-inner\"><div class=\"avia-image-overlay-wrap\"><img fetchpriority=\"high\" class='wp-image-858 avia-img-lazy-loading-not-858 avia_image ' src='https:\/\/www.nuovagalvanica.com\/site\/wp-content\/uploads\/2019\/10\/tecnica.jpg' alt='' title='tecnica'  height=\"914\" width=\"800\"  itemprop=\"thumbnailUrl\"  \/><\/div><\/div><\/div><\/div>\n\n<\/div><\/div><\/div><!-- close content main div --><\/div><\/div>\n<style type=\"text\/css\" data-created_by=\"avia_inline_auto\" id=\"style-css-av-ei8wb-51248506dc3202b66078cba2a7952bc8\">\n.avia-section.av-ei8wb-51248506dc3202b66078cba2a7952bc8 .av-extra-border-element .av-extra-border-inner{\nbackground-color:#ffffff;\n}\n<\/style>\n<div id='av_section_4'  class='avia-section av-ei8wb-51248506dc3202b66078cba2a7952bc8 main_color avia-section-large avia-no-border-styling  avia-builder-el-16  el_after_av_section  avia-builder-el-last  avia-bg-style-scroll av-arrow-down-section container_wrap sidebar_right'  ><div class='container av-section-cont-open' ><div class='template-page content  av-content-small alpha units'><div class='post-entry post-entry-type-page post-entry-465'><div class='entry-content-wrapper clearfix'>\n<div  class='flex_column av-e8oar-352ce92617da418c8ab85f38578f2028 av_one_third  avia-builder-el-17  el_before_av_two_third  avia-builder-el-first  first flex_column_div  '     ><style type=\"text\/css\" data-created_by=\"avia_inline_auto\" id=\"style-css-av-d6vq7-92b8ee82d488f126b01c67d3280ea0ba\">\n.avia-image-container.av-d6vq7-92b8ee82d488f126b01c67d3280ea0ba img.avia_image{\nbox-shadow:none;\n}\n.avia-image-container.av-d6vq7-92b8ee82d488f126b01c67d3280ea0ba .av-image-caption-overlay-center{\ncolor:#ffffff;\n}\n<\/style>\n<div  class='avia-image-container av-d6vq7-92b8ee82d488f126b01c67d3280ea0ba av-styling- av-hover-grow av-hide-overflow avia-align-center  avia-builder-el-18  avia-builder-el-no-sibling '   itemprop=\"image\" itemscope=\"itemscope\" itemtype=\"https:\/\/schema.org\/ImageObject\" ><div class=\"avia-image-container-inner\"><div class=\"avia-image-overlay-wrap\"><img fetchpriority=\"high\" class='wp-image-861 avia-img-lazy-loading-not-861 avia_image ' src='https:\/\/www.nuovagalvanica.com\/site\/wp-content\/uploads\/2019\/10\/laboratorio.jpg' alt='' title='laboratorio'  height=\"914\" width=\"800\"  itemprop=\"thumbnailUrl\"  \/><\/div><\/div><\/div><\/div><div  class='flex_column av-crmqb-e2c655f03812895cce21f04fdb1f6913 av_two_third  avia-builder-el-19  el_after_av_one_third  avia-builder-el-last  flex_column_div  '     ><p>\n<style type=\"text\/css\" data-created_by=\"avia_inline_auto\" id=\"style-css-av-av_heading-e7a5c6d9c470ed0c0973547745b1d453\">\n#top .av-special-heading.av-av_heading-e7a5c6d9c470ed0c0973547745b1d453{\npadding-bottom:10px;\n}\nbody .av-special-heading.av-av_heading-e7a5c6d9c470ed0c0973547745b1d453 .av-special-heading-tag .heading-char{\nfont-size:25px;\n}\n.av-special-heading.av-av_heading-e7a5c6d9c470ed0c0973547745b1d453 .av-subheading{\nfont-size:15px;\n}\n<\/style>\n<div  class='av-special-heading av-av_heading-e7a5c6d9c470ed0c0973547745b1d453 av-special-heading-h3 blockquote modern-quote  avia-builder-el-20  el_before_av_textblock  avia-builder-el-first '><h3 class='av-special-heading-tag '  itemprop=\"headline\"  >IL LABORATORIO<\/h3><div class=\"special-heading-border\"><div class=\"special-heading-inner-border\"><\/div><\/div><\/div><br \/>\n<section  class='av_textblock_section av-btnyv-20c61d0f41851eb7d1572b0a8f4ea8b6 '   itemscope=\"itemscope\" itemtype=\"https:\/\/schema.org\/CreativeWork\" ><div class='avia_textblock'  itemprop=\"text\" ><p>La qualit\u00e0 di un rivestimento \u00e8 data dalla costanza e dalla ripetibilit\u00e0 del processo stesso.<\/p>\n<p>E\u2019 di vitale importanza che tutte le sostanze e soluzioni utilizzate siano costantemente monitorate e analizzate, come i risultati finali dopo le lavorazioni.<\/p>\n<p>Per questo motivo siamo dotati di un laboratorio interno con personale qualificato e fondamentale allo scopo.<\/p>\n<p>L\u2019attrezzatura di cui disponiamo ci consente lo svolgimento delle seguenti prove:<\/p>\n<\/div><\/section><br \/>\n<section  class='av_textblock_section av-9wm37-051ee5e8747a95181734bc2d03f0ec99 '   itemscope=\"itemscope\" itemtype=\"https:\/\/schema.org\/CreativeWork\" ><div class='avia_textblock'  itemprop=\"text\" ><ul>\n<li>Analisi non distruttive di spessore<\/li>\n<li>Analisi quantitative metalli in soluzione<\/li>\n<li>Prove di resistenza alla corrosione con camere in nebbia salina<\/li>\n<li>Analisi solfati<\/li>\n<li>Misurazione tensioni superficiali<\/li>\n<li>Ingrandimento sezioni in resina<\/li>\n<li>Prove di deposizione tramite HULL Cell TEST<\/li>\n<li>Analisi SEM-EDS<\/li>\n<\/ul>\n<\/div><\/section><\/p><\/div><\/div><\/div><\/div><!-- close content main div --><\/div><div class='av-extra-border-element border-extra-arrow-down'><div class='av-extra-border-outer'><div class='av-extra-border-inner'><\/div><\/div><\/div><\/div><div id='after_section_4'  class='main_color av_default_container_wrap container_wrap sidebar_right'  ><div class='container av-section-cont-open' ><div class='template-page content  av-content-small alpha units'><div class='post-entry post-entry-type-page post-entry-465'><div class='entry-content-wrapper clearfix'>\n","protected":false},"excerpt":{"rendered":"","protected":false},"author":1,"featured_media":0,"parent":0,"menu_order":0,"comment_status":"closed","ping_status":"closed","template":"","meta":{"footnotes":""},"class_list":["post-465","page","type-page","status-publish","hentry"],"_links":{"self":[{"href":"https:\/\/www.nuovagalvanica.com\/site\/wp-json\/wp\/v2\/pages\/465","targetHints":{"allow":["GET"]}}],"collection":[{"href":"https:\/\/www.nuovagalvanica.com\/site\/wp-json\/wp\/v2\/pages"}],"about":[{"href":"https:\/\/www.nuovagalvanica.com\/site\/wp-json\/wp\/v2\/types\/page"}],"author":[{"embeddable":true,"href":"https:\/\/www.nuovagalvanica.com\/site\/wp-json\/wp\/v2\/users\/1"}],"replies":[{"embeddable":true,"href":"https:\/\/www.nuovagalvanica.com\/site\/wp-json\/wp\/v2\/comments?post=465"}],"version-history":[{"count":21,"href":"https:\/\/www.nuovagalvanica.com\/site\/wp-json\/wp\/v2\/pages\/465\/revisions"}],"predecessor-version":[{"id":964,"href":"https:\/\/www.nuovagalvanica.com\/site\/wp-json\/wp\/v2\/pages\/465\/revisions\/964"}],"wp:attachment":[{"href":"https:\/\/www.nuovagalvanica.com\/site\/wp-json\/wp\/v2\/media?parent=465"}],"curies":[{"name":"wp","href":"https:\/\/api.w.org\/{rel}","templated":true}]}}