{"id":890,"date":"2019-10-17T09:50:55","date_gmt":"2019-10-17T07:50:55","guid":{"rendered":"https:\/\/www.nuovagalvanica.com\/site\/?page_id=890"},"modified":"2019-10-17T16:16:53","modified_gmt":"2019-10-17T14:16:53","slug":"ni-cr","status":"publish","type":"page","link":"https:\/\/www.nuovagalvanica.com\/site\/ni-cr\/","title":{"rendered":"NI\/CR"},"content":{"rendered":"\n<style type=\"text\/css\" data-created_by=\"avia_inline_auto\" id=\"style-css-av-frssf-aed0593e37e1b784af191b3bf652b15c\">\n.avia-section.av-frssf-aed0593e37e1b784af191b3bf652b15c{\nbackground-color:#019ee3;\nbackground-image:url(https:\/\/www.nuovagalvanica.com\/site\/wp-content\/uploads\/2019\/10\/nicr2.jpg);\nbackground-repeat:no-repeat;\nbackground-position:50% 50%;\nbackground-attachment:scroll;\n}\n<\/style>\n<div id='av_section_1'  class='avia-section av-frssf-aed0593e37e1b784af191b3bf652b15c main_color avia-section-default avia-no-border-styling  avia-builder-el-0  el_before_av_one_full  avia-builder-el-first  avia-full-stretch avia-bg-style-scroll av-minimum-height av-minimum-height-custom av-height-custom  container_wrap sidebar_right'  data-section-bg-repeat='stretch' data-av_minimum_height_px='430'><div class='container av-section-cont-open' style='height:430px'><main  role=\"main\" itemprop=\"mainContentOfPage\"  class='template-page content  av-content-small alpha units'><div class='post-entry post-entry-type-page post-entry-890'><div class='entry-content-wrapper clearfix'>\n\n<style type=\"text\/css\" data-created_by=\"avia_inline_auto\" id=\"style-css-av-jwsztdkj-d8810259039840d39ff6f40fb908917d\">\n.avia-image-container.av-jwsztdkj-d8810259039840d39ff6f40fb908917d img.avia_image{\nbox-shadow:none;\n}\n.avia-image-container.av-jwsztdkj-d8810259039840d39ff6f40fb908917d .av-image-caption-overlay-center{\ncolor:#ffffff;\n}\n<\/style>\n<div  class='avia-image-container av-jwsztdkj-d8810259039840d39ff6f40fb908917d av-styling-no-styling avia_animated_image av-animated-when-visible-95 fade-in avia-align-center  avia-builder-el-1  avia-builder-el-no-sibling '   itemprop=\"image\" itemscope=\"itemscope\" itemtype=\"https:\/\/schema.org\/ImageObject\" ><div class=\"avia-image-container-inner\"><div class=\"avia-image-overlay-wrap\"><img fetchpriority=\"high\" class='wp-image-827 avia-img-lazy-loading-not-827 avia_image ' src='https:\/\/www.nuovagalvanica.com\/site\/wp-content\/uploads\/2019\/10\/logo-ok.png' alt='' title='logo-ok'  height=\"300\" width=\"300\"  itemprop=\"thumbnailUrl\"  \/><\/div><\/div><\/div>\n<\/div><\/div><\/main><!-- close content main element --><\/div><\/div><div id='after_section_1'  class='main_color av_default_container_wrap container_wrap sidebar_right'  ><div class='container av-section-cont-open' ><div class='template-page content  av-content-small alpha units'><div class='post-entry post-entry-type-page post-entry-890'><div class='entry-content-wrapper clearfix'>\n\n<style type=\"text\/css\" data-created_by=\"avia_inline_auto\" id=\"style-css-av-9hk71-0e350461f8c8e3360df213205197d4a5\">\n.flex_column.av-9hk71-0e350461f8c8e3360df213205197d4a5{\nborder-radius:0px 0px 0px 0px;\npadding:0px 0px 0px 0px;\n}\n<\/style>\n<div  class='flex_column av-9hk71-0e350461f8c8e3360df213205197d4a5 av_one_full  avia-builder-el-2  el_after_av_section  el_before_av_one_half  avia-builder-el-first  first flex_column_div av-zero-column-padding  '     ><p>\n<style type=\"text\/css\" data-created_by=\"avia_inline_auto\" id=\"style-css-av-k1uemfqw-f7ca4ea6c7b00ff0bad0d139e624e29b\">\n#top .av-special-heading.av-k1uemfqw-f7ca4ea6c7b00ff0bad0d139e624e29b{\npadding-bottom:10px;\n}\nbody .av-special-heading.av-k1uemfqw-f7ca4ea6c7b00ff0bad0d139e624e29b .av-special-heading-tag .heading-char{\nfont-size:25px;\n}\n.av-special-heading.av-k1uemfqw-f7ca4ea6c7b00ff0bad0d139e624e29b .av-subheading{\nfont-size:15px;\n}\n<\/style>\n<div  class='av-special-heading av-k1uemfqw-f7ca4ea6c7b00ff0bad0d139e624e29b av-special-heading-h2 blockquote modern-quote modern-centered  avia-builder-el-3  el_before_av_hr  avia-builder-el-first '><h2 class='av-special-heading-tag '  itemprop=\"headline\"  >NI\/CR<\/h2><div class=\"special-heading-border\"><div class=\"special-heading-inner-border\"><\/div><\/div><\/div><br \/>\n\n<style type=\"text\/css\" data-created_by=\"avia_inline_auto\" id=\"style-css-av-k1t9irv6-a30168f10d26ea9caa472e5573c90029\">\n#top .hr.av-k1t9irv6-a30168f10d26ea9caa472e5573c90029{\nmargin-top:30px;\nmargin-bottom:30px;\n}\n.hr.av-k1t9irv6-a30168f10d26ea9caa472e5573c90029 .hr-inner{\nwidth:50px;\nmax-width:45%;\n}\n<\/style>\n<div  class='hr av-k1t9irv6-a30168f10d26ea9caa472e5573c90029 hr-custom  avia-builder-el-4  el_after_av_heading  el_before_av_textblock  hr-center hr-icon-yes'><span class='hr-inner inner-border-av-border-thin'><span class=\"hr-inner-style\"><\/span><\/span><span class='av-seperator-icon avia-iconfont avia-font-entypo-fontello' data-av_icon='\ue808' data-av_iconfont='entypo-fontello' ><\/span><span class='hr-inner inner-border-av-border-thin'><span class=\"hr-inner-style\"><\/span><\/span><\/div><br \/>\n<section  class='av_textblock_section av-k1t9evfw-c3e6df6874933b201e2c6cecd18f0249 '   itemscope=\"itemscope\" itemtype=\"https:\/\/schema.org\/CreativeWork\" ><div class='avia_textblock'  itemprop=\"text\" ><p>Deposito lucido costituito da un doppio layer di nichel + cromo.\u00a0 In aggiunta al classico deposito di nichelatura elettrolitica viene effettuata un\u2019ulteriore deposizione di cromo tramite bagno a base di anidride cromica.<\/p>\n<p>Il rivestimento si presenta lucido con alta resistenza all\u2019usura e alla corrosione<\/p>\n<p>Caratteristiche principali:<\/p>\n<ul>\n<li>Lucido<\/li>\n<li>Alta resistenza alla corrosione<\/li>\n<li>Auto passivante in presenza di ossigeno<\/li>\n<li>Resistente agli alcali e agli acidi organici<\/li>\n<\/ul>\n<p>Conformit\u00e0:<\/p>\n<ul>\n<li>CE1907\/2006 \u2013 18\/12\/06 REACH\n<ul>\n<li>Allegato XIV: elenco delle sostanze soggette ad autorizzazione;<\/li>\n<li>Allegato XVII: preparati e articoli pericolosi, restrizioni in materia di fabbricazione, immissione sul mercato e uso di talune sostanze;<\/li>\n<li>59 par.10: SVHC (sostanze estremamente preoccupanti)<\/li>\n<\/ul>\n<\/li>\n<li>2011\/65\/UE &#8211; ROHS 3\n<ul>\n<li>Esente da piombo (Pb), mercurio (Hg), cadmio (Cd), cromo esavalente (Cr6+), bifenili polibromurati (PBB), eteri di difenil polibrominato (PBDE), esteri dell\u2019acido ftalico (DEHP, BBP, DBP, DIBP)<\/li>\n<\/ul>\n<\/li>\n<\/ul>\n<p>Compatibile con gli standard:<\/p>\n<ul>\n<li>ISO1456:2009<\/li>\n<li>ASTM B456<\/li>\n<\/ul>\n<p>Il deposito di nichelatura non \u00e8 compatibile con nessuna delle norme e regolamenti in materia di potabilit\u00e0 acqua, contatto con alimenti e anallergicit\u00e0.<\/p>\n<table width=\"963\">\n<tbody>\n<tr>\n<td width=\"262\"><\/td>\n<td width=\"234\">NI-CR<\/td>\n<td width=\"234\">NI<\/td>\n<td width=\"234\">OT (0,2% Pb)<\/td>\n<\/tr>\n<tr>\n<td width=\"262\">Resistenza alla corrosione<\/td>\n<td width=\"234\">900 NSS<\/td>\n<td width=\"234\">600 NSS<\/td>\n<td width=\"234\">n.d.<\/td>\n<\/tr>\n<tr>\n<td width=\"262\">Durezza deposito<\/td>\n<td width=\"234\">1.000 HV<\/td>\n<td width=\"234\">450 HV<\/td>\n<td width=\"234\">90 HV<\/td>\n<\/tr>\n<tr>\n<td width=\"262\">Rilascio deposito Ni<\/td>\n<td width=\"234\">70 \u00b5g\/dm\u00b2<\/td>\n<td width=\"234\">100 \u00b5g\/dm\u00b2<\/td>\n<td width=\"234\">00 \u00b5g\/dm\u00b2<\/td>\n<\/tr>\n<tr>\n<td width=\"262\">Rilascio deposito Pb<\/td>\n<td width=\"234\">00 \u00b5g\/dm\u00b2<\/td>\n<td width=\"234\">00 \u00b5g\/dm\u00b2<\/td>\n<td width=\"234\">20 \u00b5g\/dm\u00b2<\/td>\n<\/tr>\n<tr>\n<td width=\"262\">Aspetto\/ Colore<\/td>\n<td width=\"234\">Lucido\/Cromato<\/td>\n<td width=\"234\">Lucido\/Argenteo<\/td>\n<td width=\"234\">n.d.\/Ottone<\/td>\n<\/tr>\n<\/tbody>\n<\/table>\n<\/div><\/section><\/p><\/div>\n\n<style type=\"text\/css\" data-created_by=\"avia_inline_auto\" id=\"style-css-av-sucbe-61fe63414d698ec41241c3d1a6226644\">\n.flex_column.av-sucbe-61fe63414d698ec41241c3d1a6226644{\nborder-radius:0px 0px 0px 0px;\npadding:0px 0px 0px 0px;\n}\n<\/style>\n<div  class='flex_column av-sucbe-61fe63414d698ec41241c3d1a6226644 av_one_half  avia-builder-el-6  el_after_av_one_full  el_before_av_one_half  first flex_column_div av-zero-column-padding  column-top-margin'     ><style type=\"text\/css\" data-created_by=\"avia_inline_auto\" id=\"style-css-av-k1uicsfd-27672fcda71bf8bb698c38014a147976\">\n.avia-image-container.av-k1uicsfd-27672fcda71bf8bb698c38014a147976 img.avia_image{\nbox-shadow:none;\n}\n.avia-image-container.av-k1uicsfd-27672fcda71bf8bb698c38014a147976 .av-image-caption-overlay-center{\ncolor:#ffffff;\n}\n<\/style>\n<div  class='avia-image-container av-k1uicsfd-27672fcda71bf8bb698c38014a147976 av-styling- avia-align-center  avia-builder-el-7  avia-builder-el-no-sibling '   itemprop=\"image\" itemscope=\"itemscope\" itemtype=\"https:\/\/schema.org\/ImageObject\" ><div class=\"avia-image-container-inner\"><div class=\"avia-image-overlay-wrap\"><img fetchpriority=\"high\" class='wp-image-937 avia-img-lazy-loading-not-937 avia_image ' src='https:\/\/www.nuovagalvanica.com\/site\/wp-content\/uploads\/2019\/10\/1-2.jpg' alt='' title='1'  height=\"600\" width=\"800\"  itemprop=\"thumbnailUrl\"  \/><\/div><\/div><\/div><\/div>\n\n<style type=\"text\/css\" data-created_by=\"avia_inline_auto\" id=\"style-css-av-1w75u-e2cadef2c58d87dfc7e0578616c1c15d\">\n.flex_column.av-1w75u-e2cadef2c58d87dfc7e0578616c1c15d{\nborder-radius:0px 0px 0px 0px;\npadding:0px 0px 0px 0px;\n}\n<\/style>\n<div  class='flex_column av-1w75u-e2cadef2c58d87dfc7e0578616c1c15d av_one_half  avia-builder-el-8  el_after_av_one_half  avia-builder-el-last  flex_column_div av-zero-column-padding  column-top-margin'     ><style type=\"text\/css\" data-created_by=\"avia_inline_auto\" id=\"style-css-av-k1uicsfd-3651ba095cc9227d554902086159b4c3\">\n.avia-image-container.av-k1uicsfd-3651ba095cc9227d554902086159b4c3 img.avia_image{\nbox-shadow:none;\n}\n.avia-image-container.av-k1uicsfd-3651ba095cc9227d554902086159b4c3 .av-image-caption-overlay-center{\ncolor:#ffffff;\n}\n<\/style>\n<div  class='avia-image-container av-k1uicsfd-3651ba095cc9227d554902086159b4c3 av-styling- avia-align-center  avia-builder-el-9  avia-builder-el-no-sibling '   itemprop=\"image\" itemscope=\"itemscope\" itemtype=\"https:\/\/schema.org\/ImageObject\" ><div class=\"avia-image-container-inner\"><div class=\"avia-image-overlay-wrap\"><img fetchpriority=\"high\" class='wp-image-938 avia-img-lazy-loading-not-938 avia_image ' src='https:\/\/www.nuovagalvanica.com\/site\/wp-content\/uploads\/2019\/10\/2-2.jpg' alt='' title='2'  height=\"600\" width=\"800\"  itemprop=\"thumbnailUrl\"  \/><\/div><\/div><\/div><\/div>\n","protected":false},"excerpt":{"rendered":"","protected":false},"author":1,"featured_media":0,"parent":0,"menu_order":0,"comment_status":"closed","ping_status":"closed","template":"","meta":{"footnotes":""},"class_list":["post-890","page","type-page","status-publish","hentry"],"_links":{"self":[{"href":"https:\/\/www.nuovagalvanica.com\/site\/wp-json\/wp\/v2\/pages\/890","targetHints":{"allow":["GET"]}}],"collection":[{"href":"https:\/\/www.nuovagalvanica.com\/site\/wp-json\/wp\/v2\/pages"}],"about":[{"href":"https:\/\/www.nuovagalvanica.com\/site\/wp-json\/wp\/v2\/types\/page"}],"author":[{"embeddable":true,"href":"https:\/\/www.nuovagalvanica.com\/site\/wp-json\/wp\/v2\/users\/1"}],"replies":[{"embeddable":true,"href":"https:\/\/www.nuovagalvanica.com\/site\/wp-json\/wp\/v2\/comments?post=890"}],"version-history":[{"count":6,"href":"https:\/\/www.nuovagalvanica.com\/site\/wp-json\/wp\/v2\/pages\/890\/revisions"}],"predecessor-version":[{"id":959,"href":"https:\/\/www.nuovagalvanica.com\/site\/wp-json\/wp\/v2\/pages\/890\/revisions\/959"}],"wp:attachment":[{"href":"https:\/\/www.nuovagalvanica.com\/site\/wp-json\/wp\/v2\/media?parent=890"}],"curies":[{"name":"wp","href":"https:\/\/api.w.org\/{rel}","templated":true}]}}