{"id":893,"date":"2019-10-17T09:54:19","date_gmt":"2019-10-17T07:54:19","guid":{"rendered":"https:\/\/www.nuovagalvanica.com\/site\/?page_id=893"},"modified":"2019-10-17T11:44:09","modified_gmt":"2019-10-17T09:44:09","slug":"sn-co","status":"publish","type":"page","link":"https:\/\/www.nuovagalvanica.com\/site\/sn-co\/","title":{"rendered":"SN\/CO"},"content":{"rendered":"\n<style type=\"text\/css\" data-created_by=\"avia_inline_auto\" id=\"style-css-av-frssf-3c0bb1a36762ef330d38a125d8dfcb29\">\n.avia-section.av-frssf-3c0bb1a36762ef330d38a125d8dfcb29{\nbackground-color:#019ee3;\nbackground-image:url(https:\/\/www.nuovagalvanica.com\/site\/wp-content\/uploads\/2019\/10\/banner-1030x266.jpg);\nbackground-repeat:no-repeat;\nbackground-position:50% 50%;\nbackground-attachment:scroll;\n}\n<\/style>\n<div id='av_section_1'  class='avia-section av-frssf-3c0bb1a36762ef330d38a125d8dfcb29 main_color avia-section-default avia-no-border-styling  avia-builder-el-0  el_before_av_one_full  avia-builder-el-first  avia-full-stretch avia-bg-style-scroll av-minimum-height av-minimum-height-custom av-height-custom  container_wrap sidebar_right'  data-section-bg-repeat='stretch' data-av_minimum_height_px='430'><div class='container av-section-cont-open' style='height:430px'><main  role=\"main\" itemprop=\"mainContentOfPage\"  class='template-page content  av-content-small alpha units'><div class='post-entry post-entry-type-page post-entry-893'><div class='entry-content-wrapper clearfix'>\n\n<style type=\"text\/css\" data-created_by=\"avia_inline_auto\" id=\"style-css-av-jwsztdkj-d8810259039840d39ff6f40fb908917d\">\n.avia-image-container.av-jwsztdkj-d8810259039840d39ff6f40fb908917d img.avia_image{\nbox-shadow:none;\n}\n.avia-image-container.av-jwsztdkj-d8810259039840d39ff6f40fb908917d .av-image-caption-overlay-center{\ncolor:#ffffff;\n}\n<\/style>\n<div  class='avia-image-container av-jwsztdkj-d8810259039840d39ff6f40fb908917d av-styling-no-styling avia_animated_image av-animated-when-visible-95 fade-in avia-align-center  avia-builder-el-1  avia-builder-el-no-sibling '   itemprop=\"image\" itemscope=\"itemscope\" itemtype=\"https:\/\/schema.org\/ImageObject\" ><div class=\"avia-image-container-inner\"><div class=\"avia-image-overlay-wrap\"><img fetchpriority=\"high\" class='wp-image-827 avia-img-lazy-loading-not-827 avia_image ' src='https:\/\/www.nuovagalvanica.com\/site\/wp-content\/uploads\/2019\/10\/logo-ok.png' alt='' title='logo-ok'  height=\"300\" width=\"300\"  itemprop=\"thumbnailUrl\"  \/><\/div><\/div><\/div>\n<\/div><\/div><\/main><!-- close content main element --><\/div><\/div><div id='after_section_1'  class='main_color av_default_container_wrap container_wrap sidebar_right'  ><div class='container av-section-cont-open' ><div class='template-page content  av-content-small alpha units'><div class='post-entry post-entry-type-page post-entry-893'><div class='entry-content-wrapper clearfix'>\n\n<style type=\"text\/css\" data-created_by=\"avia_inline_auto\" id=\"style-css-av-9hk71-0e350461f8c8e3360df213205197d4a5\">\n.flex_column.av-9hk71-0e350461f8c8e3360df213205197d4a5{\nborder-radius:0px 0px 0px 0px;\npadding:0px 0px 0px 0px;\n}\n<\/style>\n<div  class='flex_column av-9hk71-0e350461f8c8e3360df213205197d4a5 av_one_full  avia-builder-el-2  el_after_av_section  avia-builder-el-no-sibling  first flex_column_div av-zero-column-padding  '     ><p>\n<style type=\"text\/css\" data-created_by=\"avia_inline_auto\" id=\"style-css-av-k1ueqx9i-30af5f2223b79e13c94ba9af66e3a900\">\n#top .av-special-heading.av-k1ueqx9i-30af5f2223b79e13c94ba9af66e3a900{\npadding-bottom:10px;\n}\nbody .av-special-heading.av-k1ueqx9i-30af5f2223b79e13c94ba9af66e3a900 .av-special-heading-tag .heading-char{\nfont-size:25px;\n}\n.av-special-heading.av-k1ueqx9i-30af5f2223b79e13c94ba9af66e3a900 .av-subheading{\nfont-size:15px;\n}\n<\/style>\n<div  class='av-special-heading av-k1ueqx9i-30af5f2223b79e13c94ba9af66e3a900 av-special-heading-h2 blockquote modern-quote modern-centered  avia-builder-el-3  el_before_av_hr  avia-builder-el-first '><h2 class='av-special-heading-tag '  itemprop=\"headline\"  >SN\/CO<\/h2><div class=\"special-heading-border\"><div class=\"special-heading-inner-border\"><\/div><\/div><\/div><br \/>\n\n<style type=\"text\/css\" data-created_by=\"avia_inline_auto\" id=\"style-css-av-k1t9irv6-a30168f10d26ea9caa472e5573c90029\">\n#top .hr.av-k1t9irv6-a30168f10d26ea9caa472e5573c90029{\nmargin-top:30px;\nmargin-bottom:30px;\n}\n.hr.av-k1t9irv6-a30168f10d26ea9caa472e5573c90029 .hr-inner{\nwidth:50px;\nmax-width:45%;\n}\n<\/style>\n<div  class='hr av-k1t9irv6-a30168f10d26ea9caa472e5573c90029 hr-custom  avia-builder-el-4  el_after_av_heading  el_before_av_textblock  hr-center hr-icon-yes'><span class='hr-inner inner-border-av-border-thin'><span class=\"hr-inner-style\"><\/span><\/span><span class='av-seperator-icon avia-iconfont avia-font-entypo-fontello' data-av_icon='\ue808' data-av_iconfont='entypo-fontello' ><\/span><span class='hr-inner inner-border-av-border-thin'><span class=\"hr-inner-style\"><\/span><\/span><\/div><br \/>\n<section  class='av_textblock_section av-k1t9evfw-c3e6df6874933b201e2c6cecd18f0249 '   itemscope=\"itemscope\" itemtype=\"https:\/\/schema.org\/CreativeWork\" ><div class='avia_textblock'  itemprop=\"text\" ><p>Deposito lucido costituito da un doppio layer di nichel + stagno\/cobalto.\u00a0 In aggiunta al classico deposito di nichelatura elettrolitica viene effettuata un\u2019ulteriore deposizione con una le stagno\/cobalto.<\/p>\n<p>Il rivestimento si presenta lucido con un aspetto identico a quello della cromatura con buona resistenza all\u2019usura e alla corrosione.<\/p>\n<p>Caratteristiche principali:<\/p>\n<ul>\n<li>Lucido<\/li>\n<li>Aspetto simil-cromo<\/li>\n<li>Possibilit\u00e0 di effettuare la deposizione in massa ( buratto )<\/li>\n<li>Alta resistenza alla corrosione<\/li>\n<li>Auto passivante in presenza di ossigeno<\/li>\n<li>Resistente agli alcali e agli acidi organici<\/li>\n<\/ul>\n<p>Conformit\u00e0:<\/p>\n<ul>\n<li>CE1907\/2006 \u2013 18\/12\/06 REACH\n<ul>\n<li>Allegato XIV: elenco delle sostanze soggette ad autorizzazione;<\/li>\n<li>Allegato XVII: preparati e articoli pericolosi, restrizioni in materia di fabbricazione, immissione sul mercato e uso di talune sostanze;<\/li>\n<li>59 par.10: SVHC (sostanze estremamente preoccupanti)<\/li>\n<\/ul>\n<\/li>\n<li>2011\/65\/UE &#8211; ROHS 3\n<ul>\n<li>Esente da piombo (Pb), mercurio (Hg), cadmio (Cd), cromo esavalente (Cr6+), bifenili polibromurati (PBB), eteri di difenil polibrominato (PBDE), esteri dell\u2019acido ftalico (DEHP, BBP, DBP, DIBP)<\/li>\n<\/ul>\n<\/li>\n<\/ul>\n<p>Compatibile con gli standard:<\/p>\n<ul>\n<li>ISO1456:2009<\/li>\n<li>ASTM B456<\/li>\n<\/ul>\n<p>Il deposito SN\/CO non \u00e8 compatibile con nessuna delle norme e regolamenti in materia di potabilit\u00e0 acqua, contatto con alimenti e anallergicit\u00e0.<\/p>\n<table width=\"963\">\n<tbody>\n<tr>\n<td width=\"262\"><\/td>\n<td width=\"234\">SN\/CO<\/td>\n<td width=\"234\">NI-CR<\/td>\n<td width=\"234\">OT (0,2% Pb)<\/td>\n<\/tr>\n<tr>\n<td width=\"262\">Resistenza alla corrosione<\/td>\n<td width=\"234\">600 NSS<\/td>\n<td width=\"234\">900 NSS<\/td>\n<td width=\"234\">n.d.<\/td>\n<\/tr>\n<tr>\n<td width=\"262\">Durezza deposito<\/td>\n<td width=\"234\">450 HV<\/td>\n<td width=\"234\">1.000 HV<\/td>\n<td width=\"234\">90 HV<\/td>\n<\/tr>\n<tr>\n<td width=\"262\">Rilascio deposito Ni<\/td>\n<td width=\"234\">100 \u00b5g\/dm\u00b2<\/td>\n<td width=\"234\">70 \u00b5g\/dm\u00b2<\/td>\n<td width=\"234\">00 \u00b5g\/dm\u00b2<\/td>\n<\/tr>\n<tr>\n<td width=\"262\">Rilascio deposito Pb<\/td>\n<td width=\"234\">00 \u00b5g\/dm\u00b2<\/td>\n<td width=\"234\">00 \u00b5g\/dm\u00b2<\/td>\n<td width=\"234\">20 \u00b5g\/dm\u00b2<\/td>\n<\/tr>\n<tr>\n<td width=\"262\">Aspetto\/ Colore<\/td>\n<td width=\"234\">Lucido\/Cromato<\/td>\n<td width=\"234\">Lucido\/Cromato<\/td>\n<td width=\"234\">n.d.\/Ottone<\/td>\n<\/tr>\n<\/tbody>\n<\/table>\n<\/div><\/section><\/p><\/div>\n","protected":false},"excerpt":{"rendered":"","protected":false},"author":1,"featured_media":0,"parent":0,"menu_order":0,"comment_status":"closed","ping_status":"closed","template":"","meta":{"footnotes":""},"class_list":["post-893","page","type-page","status-publish","hentry"],"_links":{"self":[{"href":"https:\/\/www.nuovagalvanica.com\/site\/wp-json\/wp\/v2\/pages\/893","targetHints":{"allow":["GET"]}}],"collection":[{"href":"https:\/\/www.nuovagalvanica.com\/site\/wp-json\/wp\/v2\/pages"}],"about":[{"href":"https:\/\/www.nuovagalvanica.com\/site\/wp-json\/wp\/v2\/types\/page"}],"author":[{"embeddable":true,"href":"https:\/\/www.nuovagalvanica.com\/site\/wp-json\/wp\/v2\/users\/1"}],"replies":[{"embeddable":true,"href":"https:\/\/www.nuovagalvanica.com\/site\/wp-json\/wp\/v2\/comments?post=893"}],"version-history":[{"count":4,"href":"https:\/\/www.nuovagalvanica.com\/site\/wp-json\/wp\/v2\/pages\/893\/revisions"}],"predecessor-version":[{"id":945,"href":"https:\/\/www.nuovagalvanica.com\/site\/wp-json\/wp\/v2\/pages\/893\/revisions\/945"}],"wp:attachment":[{"href":"https:\/\/www.nuovagalvanica.com\/site\/wp-json\/wp\/v2\/media?parent=893"}],"curies":[{"name":"wp","href":"https:\/\/api.w.org\/{rel}","templated":true}]}}